{"id":26,"date":"2018-03-25T16:28:29","date_gmt":"2018-03-25T16:28:29","guid":{"rendered":"https:\/\/creativityfitness.eu\/?page_id=26"},"modified":"2018-04-11T19:30:15","modified_gmt":"2018-04-11T19:30:15","slug":"about","status":"publish","type":"page","link":"https:\/\/creativityfitness.eu\/fr\/a-propos\/","title":{"rendered":"A propos"},"content":{"rendered":"<p>Marianne Behaeghel has taught visual arts to both adults and children for many years in various schools in London and Brussels. After a master in set design at La Cambre in Brussels, she has completed a master in arts and education at City University of London. Her passion for creativity has led her to complete a certification in creative thinking testing at the Torrance Center for Creativity and Talent Development (University of Georgia, US) along with a creativity development coaching training at L\u2019\u00e9cole de la Cr\u00e9ativit\u00e9, in Belgium. She regularly leads creativity development workshops and seminars for adults, both in corporate and educational environments. Marianne teaches art at St John\u2019s International School and Creativity Fitness at the College of Art &amp; Design, in Brussels. Marianne has created the Creativity Fitness program that is dedicated to developing the 4 creative attributes developed by Dr. Ellis Paul Torrance(1): fluency, flexibility, elaboration and originality. Marianne believes that we are more productive and engaged when we have fun so her Creativity Fitness workshops are structured around games and inspiring challenges. Participants learn how to use various creativity development techniques to develop new ideas or projects and find innovative solutions.<\/p>\n<p><em>The Search for Satori and Creativity<\/em><em> (Torrance, E. P. 1979).<\/em><\/p>\n","protected":false},"excerpt":{"rendered":"<p>Marianne Behaeghel has taught visual arts to both adults and children for many years in various schools in London and Brussels. After a master in set design at La Cambre in Brussels, she has completed a master in arts and education at City University of London. Her passion for creativity has led her to complete&nbsp; <a href=\"https:\/\/creativityfitness.eu\/fr\/a-propos\/\">&hellip; Read more <i class=\"glyphicon glyphicon-arrow-right\"><\/i><\/a><\/p>\n","protected":false},"author":1,"featured_media":77,"parent":0,"menu_order":0,"comment_status":"closed","ping_status":"closed","template":"about.php","meta":[],"yoast_head":"<!-- This site is optimized with the Yoast SEO plugin v15.2.1 - https:\/\/yoast.com\/wordpress\/plugins\/seo\/ -->\n<meta name=\"robots\" content=\"index, follow, max-snippet:-1, max-image-preview:large, max-video-preview:-1\" \/>\n<link rel=\"canonical\" href=\"https:\/\/creativityfitness.eu\/en\/about\/\" \/>\n<meta property=\"og:locale\" content=\"fr_FR\" \/>\n<meta property=\"og:type\" content=\"article\" \/>\n<meta property=\"og:title\" content=\"A propos - Creativity Fitness\" \/>\n<meta property=\"og:description\" content=\"Marianne Behaeghel has taught visual arts to both adults and children for many years in various schools in London and Brussels. After a master in set design at La Cambre in Brussels, she has completed a master in arts and education at City University of London. Her passion for creativity has led her to complete&nbsp; &hellip; Read more\" \/>\n<meta property=\"og:url\" content=\"https:\/\/creativityfitness.eu\/en\/about\/\" \/>\n<meta property=\"og:site_name\" content=\"Creativity Fitness\" \/>\n<meta property=\"article:publisher\" content=\"https:\/\/www.facebook.com\/creativityfitness\/\" \/>\n<meta property=\"article:modified_time\" content=\"2018-04-11T19:30:15+00:00\" \/>\n<meta property=\"og:image\" content=\"https:\/\/creativityfitness.eu\/wp-content\/uploads\/2018\/04\/IMG_0085.jpg\" \/>\n\t<meta property=\"og:image:width\" content=\"976\" \/>\n\t<meta property=\"og:image:height\" content=\"788\" \/>\n<meta name=\"twitter:card\" content=\"summary_large_image\" \/>\n<meta name=\"twitter:label1\" content=\"\u00c9crit par\">\n\t<meta name=\"twitter:data1\" content=\"nomisconception\">\n\t<meta name=\"twitter:label2\" content=\"Dur\u00e9e de lecture est.\">\n\t<meta name=\"twitter:data2\" content=\"1 minute\">\n<script type=\"application\/ld+json\" class=\"yoast-schema-graph\">{\"@context\":\"https:\/\/schema.org\",\"@graph\":[{\"@type\":\"WebSite\",\"@id\":\"https:\/\/creativityfitness.eu\/en\/#website\",\"url\":\"https:\/\/creativityfitness.eu\/en\/\",\"name\":\"Creativity Fitness\",\"description\":\"Just another WordPress site\",\"potentialAction\":[{\"@type\":\"SearchAction\",\"target\":\"https:\/\/creativityfitness.eu\/en\/?s={search_term_string}\",\"query-input\":\"required name=search_term_string\"}],\"inLanguage\":\"fr-FR\"},{\"@type\":\"ImageObject\",\"@id\":\"https:\/\/creativityfitness.eu\/en\/about\/#primaryimage\",\"inLanguage\":\"fr-FR\",\"url\":\"https:\/\/creativityfitness.eu\/wp-content\/uploads\/2018\/04\/IMG_0085.jpg\",\"width\":976,\"height\":788},{\"@type\":\"WebPage\",\"@id\":\"https:\/\/creativityfitness.eu\/en\/about\/#webpage\",\"url\":\"https:\/\/creativityfitness.eu\/en\/about\/\",\"name\":\"A propos - Creativity Fitness\",\"isPartOf\":{\"@id\":\"https:\/\/creativityfitness.eu\/en\/#website\"},\"primaryImageOfPage\":{\"@id\":\"https:\/\/creativityfitness.eu\/en\/about\/#primaryimage\"},\"datePublished\":\"2018-03-25T16:28:29+00:00\",\"dateModified\":\"2018-04-11T19:30:15+00:00\",\"inLanguage\":\"fr-FR\",\"potentialAction\":[{\"@type\":\"ReadAction\",\"target\":[\"https:\/\/creativityfitness.eu\/en\/about\/\"]}]}]}<\/script>\n<!-- \/ Yoast SEO plugin. -->","_links":{"self":[{"href":"https:\/\/creativityfitness.eu\/fr\/wp-json\/wp\/v2\/pages\/26"}],"collection":[{"href":"https:\/\/creativityfitness.eu\/fr\/wp-json\/wp\/v2\/pages"}],"about":[{"href":"https:\/\/creativityfitness.eu\/fr\/wp-json\/wp\/v2\/types\/page"}],"author":[{"embeddable":true,"href":"https:\/\/creativityfitness.eu\/fr\/wp-json\/wp\/v2\/users\/1"}],"replies":[{"embeddable":true,"href":"https:\/\/creativityfitness.eu\/fr\/wp-json\/wp\/v2\/comments?post=26"}],"version-history":[{"count":6,"href":"https:\/\/creativityfitness.eu\/fr\/wp-json\/wp\/v2\/pages\/26\/revisions"}],"predecessor-version":[{"id":123,"href":"https:\/\/creativityfitness.eu\/fr\/wp-json\/wp\/v2\/pages\/26\/revisions\/123"}],"wp:featuredmedia":[{"embeddable":true,"href":"https:\/\/creativityfitness.eu\/fr\/wp-json\/wp\/v2\/media\/77"}],"wp:attachment":[{"href":"https:\/\/creativityfitness.eu\/fr\/wp-json\/wp\/v2\/media?parent=26"}],"curies":[{"name":"wp","href":"https:\/\/api.w.org\/{rel}","templated":true}]}}